{"id":83,"date":"2022-01-13T03:16:32","date_gmt":"2022-01-13T03:16:32","guid":{"rendered":"https:\/\/feyalegria02.edu.pe\/?page_id=83"},"modified":"2022-01-13T03:17:34","modified_gmt":"2022-01-13T03:17:34","slug":"nosotros","status":"publish","type":"page","link":"https:\/\/feyalegria02.edu.pe\/index.php\/nosotros\/","title":{"rendered":"Nosotros"},"content":{"rendered":"\t\t<div data-elementor-type=\"wp-page\" data-elementor-id=\"83\" class=\"elementor elementor-83\" data-elementor-settings=\"[]\">\n\t\t\t\t\t\t\t<div class=\"elementor-section-wrap\">\n\t\t\t\t\t\t\t<section class=\"elementor-section elementor-top-section elementor-element elementor-element-25bd84ac elementor-section-content-middle elementor-section-boxed elementor-section-height-default elementor-section-height-default\" data-id=\"25bd84ac\" data-element_type=\"section\" data-settings=\"{&quot;background_background&quot;:&quot;classic&quot;}\">\n\t\t\t\t\t\t<div class=\"elementor-container elementor-column-gap-no\">\n\t\t\t\t\t<div class=\"elementor-column elementor-col-100 elementor-top-column elementor-element elementor-element-48bedab\" data-id=\"48bedab\" data-element_type=\"column\">\n\t\t\t<div class=\"elementor-widget-wrap elementor-element-populated\">\n\t\t\t\t\t\t\t\t<div class=\"elementor-element elementor-element-6e05f76e elementor-absolute elementor-widget elementor-widget-heading\" data-id=\"6e05f76e\" data-element_type=\"widget\" data-settings=\"{&quot;_position&quot;:&quot;absolute&quot;}\" data-widget_type=\"heading.default\">\n\t\t\t\t<div class=\"elementor-widget-container\">\n\t\t\t<style>\/*! elementor - v3.5.3 - 28-12-2021 *\/\n.elementor-heading-title{padding:0;margin:0;line-height:1}.elementor-widget-heading .elementor-heading-title[class*=elementor-size-]>a{color:inherit;font-size:inherit;line-height:inherit}.elementor-widget-heading .elementor-heading-title.elementor-size-small{font-size:15px}.elementor-widget-heading .elementor-heading-title.elementor-size-medium{font-size:19px}.elementor-widget-heading .elementor-heading-title.elementor-size-large{font-size:29px}.elementor-widget-heading .elementor-heading-title.elementor-size-xl{font-size:39px}.elementor-widget-heading .elementor-heading-title.elementor-size-xxl{font-size:59px}<\/style><h2 class=\"elementor-heading-title elementor-size-default\">NOSOTROS<\/h2>\t\t<\/div>\n\t\t\t\t<\/div>\n\t\t\t\t\t<\/div>\n\t\t<\/div>\n\t\t\t\t\t\t\t<\/div>\n\t\t<\/section>\n\t\t\t\t<section class=\"elementor-section elementor-top-section elementor-element elementor-element-9552e10 elementor-section-boxed elementor-section-height-default elementor-section-height-default\" data-id=\"9552e10\" data-element_type=\"section\">\n\t\t\t\t\t\t<div class=\"elementor-container elementor-column-gap-default\">\n\t\t\t\t\t<div class=\"elementor-column elementor-col-100 elementor-top-column elementor-element elementor-element-90ea91a\" data-id=\"90ea91a\" data-element_type=\"column\">\n\t\t\t<div class=\"elementor-widget-wrap elementor-element-populated\">\n\t\t\t\t\t\t\t\t<div class=\"elementor-element elementor-element-f4e57ae elementor-absolute elementor-widget elementor-widget-heading\" data-id=\"f4e57ae\" data-element_type=\"widget\" data-settings=\"{&quot;_position&quot;:&quot;absolute&quot;}\" data-widget_type=\"heading.default\">\n\t\t\t\t<div class=\"elementor-widget-container\">\n\t\t\t<h2 class=\"elementor-heading-title elementor-size-xxl\">\u00bfNUESTRA HISTORIA?<\/h2>\t\t<\/div>\n\t\t\t\t<\/div>\n\t\t\t\t\t<\/div>\n\t\t<\/div>\n\t\t\t\t\t\t\t<\/div>\n\t\t<\/section>\n\t\t\t\t<section class=\"elementor-section elementor-top-section elementor-element elementor-element-521ce3ab elementor-section-content-middle elementor-section-boxed elementor-section-height-default elementor-section-height-default\" data-id=\"521ce3ab\" data-element_type=\"section\" data-settings=\"{&quot;background_background&quot;:&quot;classic&quot;}\">\n\t\t\t\t\t\t<div class=\"elementor-container elementor-column-gap-no\">\n\t\t\t\t\t<div class=\"elementor-column elementor-col-50 elementor-top-column elementor-element elementor-element-d6e3f13\" data-id=\"d6e3f13\" data-element_type=\"column\">\n\t\t\t<div class=\"elementor-widget-wrap elementor-element-populated\">\n\t\t\t\t\t\t\t\t<div class=\"elementor-element elementor-element-21df1749 elementor-widget__width-inherit elementor-absolute elementor-widget elementor-widget-image\" data-id=\"21df1749\" data-element_type=\"widget\" data-settings=\"{&quot;_position&quot;:&quot;absolute&quot;}\" data-widget_type=\"image.default\">\n\t\t\t\t<div class=\"elementor-widget-container\">\n\t\t\t<style>\/*! elementor - v3.5.3 - 28-12-2021 *\/\n.elementor-widget-image{text-align:center}.elementor-widget-image a{display:inline-block}.elementor-widget-image a img[src$=\".svg\"]{width:48px}.elementor-widget-image img{vertical-align:middle;display:inline-block}<\/style>\t\t\t\t\t\t\t\t\t\t\t\t<img loading=\"lazy\" decoding=\"async\" width=\"458\" height=\"353\" src=\"https:\/\/feyalegria02.edu.pe\/wp-content\/uploads\/2022\/01\/FOTO-PROFES.png\" class=\"attachment-full size-full\" alt=\"\" srcset=\"https:\/\/feyalegria02.edu.pe\/wp-content\/uploads\/2022\/01\/FOTO-PROFES.png 458w, https:\/\/feyalegria02.edu.pe\/wp-content\/uploads\/2022\/01\/FOTO-PROFES-300x231.png 300w\" sizes=\"auto, (max-width: 458px) 100vw, 458px\" \/>\t\t\t\t\t\t\t\t\t\t\t\t\t\t\t<\/div>\n\t\t\t\t<\/div>\n\t\t\t\t\t<\/div>\n\t\t<\/div>\n\t\t\t\t<div class=\"elementor-column elementor-col-50 elementor-top-column elementor-element elementor-element-ae073b6\" data-id=\"ae073b6\" data-element_type=\"column\">\n\t\t\t<div class=\"elementor-widget-wrap elementor-element-populated\">\n\t\t\t\t\t\t\t\t<div class=\"elementor-element elementor-element-520359df elementor-widget elementor-widget-text-editor\" data-id=\"520359df\" data-element_type=\"widget\" data-widget_type=\"text-editor.default\">\n\t\t\t\t<div class=\"elementor-widget-container\">\n\t\t\t<style>\/*! elementor - v3.5.3 - 28-12-2021 *\/\n.elementor-widget-text-editor.elementor-drop-cap-view-stacked .elementor-drop-cap{background-color:#818a91;color:#fff}.elementor-widget-text-editor.elementor-drop-cap-view-framed .elementor-drop-cap{color:#818a91;border:3px solid;background-color:transparent}.elementor-widget-text-editor:not(.elementor-drop-cap-view-default) .elementor-drop-cap{margin-top:8px}.elementor-widget-text-editor:not(.elementor-drop-cap-view-default) .elementor-drop-cap-letter{width:1em;height:1em}.elementor-widget-text-editor .elementor-drop-cap{float:left;text-align:center;line-height:1;font-size:50px}.elementor-widget-text-editor .elementor-drop-cap-letter{display:inline-block}<\/style>\t\t\t\t<p class=\"CDt4Ke zfr3Q\" dir=\"ltr\">El Instituto de Educaci\u00f3n Superior Tecnol\u00f3gico P\u00fablico \u201cLos Morochucos\u201d fue creado gracias a la solicitud del alcalde el se\u00f1or Sergio Dipaz Cisneros, en el a\u00f1o 2008, instituida con la Resoluci\u00f3n Suprema N\u00ba 027 \u2013 2011 &#8211; ED de fecha 25 de junio del 2011, en convenio con la Asociaci\u00f3n Fe y Alegr\u00eda del Per\u00fa y el Ministerio de Educaci\u00f3n MINEDU; dando inicio a las labores acad\u00e9micas bajo la responsabilidad de la Congregaci\u00f3n de Hermanas de los Pobres Siervas del Sagrado Coraz\u00f3n (HPSSC), seg\u00fan convenio con Fe y Alegr\u00eda del Per\u00fa, a m\u00e9rito de convenio existente entre Fe y Alegr\u00eda del Per\u00fa y la congregaci\u00f3n, bajo esta circunstancia se designan Lic. Mary Lisbeth D\u00edaz Mej\u00eda, para asumir responsabilidad que compone la gesti\u00f3n acad\u00e9mica. Para el II semestre acad\u00e9mico; mes de agosto 2011, fue autorizada para su funcionamiento con la aprobaci\u00f3n de la \u00fanica carrera profesional de Industrias Alimentarias, siendo la meta de atenci\u00f3n de 30 estudiantes se da el proceso de admisi\u00f3n. El 29 de agosto del 2011 se inicia las actividades acad\u00e9micas en el local de la Parroquia \u201cVirgen de la Asunci\u00f3n\u201d, Pampa Cangallo, Distrito Los Morochucos, con veintid\u00f3s estudiantes, con la Direcci\u00f3n de la Lic. Libia Vargas Valle, paralelamente se dio inicio a la construcci\u00f3n de la infraestructura del IESTP \u201cLos Morochucos\u201d Fe y Alegr\u00eda N\u00b0 60 en la Av. 24 Junio s\/n, los estudiantes y docentes se trasladaron a la nueva infraestructura en noviembre del 2011, siendo Alcalde el Sr. Rotier G\u00f3mez Hinostroza, quien apoy\u00f3 con parte del mobiliario y otros materiales para dar impulso a la Educaci\u00f3n T\u00e9cnica, a estos inicios solo contamos con la aprobaci\u00f3n de tres profesionales contratados como docentes de la carrera, la Direcci\u00f3n de la instituci\u00f3n, la Jefatura de Unidad Acad\u00e9mica, fueron asumidas por los mismos docentes como cargos de confianza.<\/p><p class=\"CDt4Ke zfr3Q\" dir=\"ltr\">En setiembre 2012 se concluy\u00f3 con la construcci\u00f3n; el equipamiento e implementaci\u00f3n de los ambientes se han ido realizando paulatinamente gracias al apoyo permanente la Asociaci\u00f3n Fe y Alegr\u00eda del Per\u00fa. A partir de enero 2015 al 2019, asume la Direcci\u00f3n la Mag. Magdalita V\u00e1squez Uriarte, para esta ocasi\u00f3n se cuenta con el apoyo de cinco docentes asignadas por la DREA con plazas prestadas, quienes han ido continuado con el trabajo iniciado paulatinamente se va mejorando en los diferentes aspectos, entre ellos: la parte administrativa, organizacional, equipamiento de los diferentes talleres, gesti\u00f3n institucional, realizaci\u00f3n de convenios, entre otros.<\/p><p class=\"CDt4Ke zfr3Q\" dir=\"ltr\">Para el II semestre del 2018, se consigue la asignaci\u00f3n de cinco plazas entre ellas una Jefatura Acad\u00e9mica, una Secretaria Acad\u00e9mica y tres plazas docentes. Del 2015 al 2018, se ha logrado que la mayor\u00eda de nuestros estudiantes y egresados puedan realizar sus pr\u00e1cticas pre-profesionales, sustentar para la Certificaci\u00f3n Modular y titulaci\u00f3n. En febrero 2018, el MINEDU aprueba la primera Titulaci\u00f3n de siete estudiantes con Oficio N\u00b0 752-2018-MINEDU\/VMGP-GESUTPA-DIGEST, entre ellos: Berrocal Quica\u00f1o Juan Antoniony, De la Cruz Alarc\u00f3n Te\u00f3filo, Mendoza de la Cruz Alfredo, Prado Salvatierra, Julio C\u00e9sar, Rosa Salvatierra Ana Bertha, Vega Auqui, Yudith, Lesveny, Vega Esaclante, Edita Victoria, el 18 de julio del mismo a\u00f1o se llev\u00f3 a cabo la ceremonia protocolar de entrega a los dos primeros titulados siendo ellos: Se\u00f1or Alfredo Mendoza De La Cruz y Edita Victoria Vega Escalante, siendo los primeros profesionales T\u00e9cnicos en Industrias Alimentarias 2018 de nuestra Provincia. El 2019, se logra la titulaci\u00f3n de doce egresado, entre ellos: ALARCON ROCA, Sonia Reyna ARANGO TENORIO, Rosa ESCUDERO FLORES, Victor Hip\u00f3lito BALDEON RAMOS, Jason Andy Aurelia GOMEZ VELASQUEZ, Juan Carlos HUALLANCA VELASQUEZ, Roxana HUARANCCA HUAMANI, Sabino Fortunato MENDOZA DE LA CRUZ, Lodivina MENDOZA DE LA CRUZ, Vilma POMASONCCO FELICES, Ignacio RAMOS ROCA, Olga Lucia TANTA SULCA, Nora.<\/p>\t\t\t\t\t\t<\/div>\n\t\t\t\t<\/div>\n\t\t\t\t\t<\/div>\n\t\t<\/div>\n\t\t\t\t\t\t\t<\/div>\n\t\t<\/section>\n\t\t\t\t<section class=\"elementor-section elementor-top-section elementor-element elementor-element-f29b625 elementor-section-boxed elementor-section-height-default elementor-section-height-default\" data-id=\"f29b625\" data-element_type=\"section\">\n\t\t\t\t\t\t\t<div class=\"elementor-background-overlay\"><\/div>\n\t\t\t\t\t\t\t<div class=\"elementor-container elementor-column-gap-default\">\n\t\t\t\t\t<div class=\"elementor-column elementor-col-50 elementor-top-column elementor-element elementor-element-384f785\" data-id=\"384f785\" data-element_type=\"column\">\n\t\t\t<div class=\"elementor-widget-wrap elementor-element-populated\">\n\t\t\t\t\t\t\t\t<div class=\"elementor-element elementor-element-182898e elementor-widget elementor-widget-image\" data-id=\"182898e\" data-element_type=\"widget\" data-widget_type=\"image.default\">\n\t\t\t\t<div class=\"elementor-widget-container\">\n\t\t\t\t\t\t\t\t\t\t\t\t\t\t\t<img loading=\"lazy\" decoding=\"async\" width=\"150\" height=\"150\" src=\"https:\/\/feyalegria02.edu.pe\/wp-content\/uploads\/2022\/01\/google-logo-150x150.png\" class=\"attachment-thumbnail size-thumbnail\" alt=\"\" srcset=\"https:\/\/feyalegria02.edu.pe\/wp-content\/uploads\/2022\/01\/google-logo-150x150.png 150w, https:\/\/feyalegria02.edu.pe\/wp-content\/uploads\/2022\/01\/google-logo-300x300.png 300w, https:\/\/feyalegria02.edu.pe\/wp-content\/uploads\/2022\/01\/google-logo.png 1024w, https:\/\/feyalegria02.edu.pe\/wp-content\/uploads\/2022\/01\/google-logo-768x768.png 768w\" sizes=\"auto, (max-width: 150px) 100vw, 150px\" \/>\t\t\t\t\t\t\t\t\t\t\t\t\t\t\t<\/div>\n\t\t\t\t<\/div>\n\t\t\t\t\t<\/div>\n\t\t<\/div>\n\t\t\t\t<div class=\"elementor-column elementor-col-50 elementor-top-column elementor-element elementor-element-fe5e046\" data-id=\"fe5e046\" data-element_type=\"column\">\n\t\t\t<div class=\"elementor-widget-wrap elementor-element-populated\">\n\t\t\t\t\t\t\t\t<div class=\"elementor-element elementor-element-b34906c elementor-widget elementor-widget-heading\" data-id=\"b34906c\" data-element_type=\"widget\" data-widget_type=\"heading.default\">\n\t\t\t\t<div class=\"elementor-widget-container\">\n\t\t\t<h2 class=\"elementor-heading-title elementor-size-default\">G Suite for Education:<\/h2>\t\t<\/div>\n\t\t\t\t<\/div>\n\t\t\t\t<div class=\"elementor-element elementor-element-161b71f elementor-widget elementor-widget-text-editor\" data-id=\"161b71f\" data-element_type=\"widget\" data-widget_type=\"text-editor.default\">\n\t\t\t\t<div class=\"elementor-widget-container\">\n\t\t\t\t\t\t\t<p><span style=\"color: #333333;\">Nuestra Instituci\u00f3n Educativa, ahora cuenta con la plataforma de herramientas de Google para Educaci\u00f3n; logro, que permitir\u00e1 transformar la manera como nuestra comunidad educativa viene trabajando, permiti\u00e9ndonos aprender, innovar, y trabajar de forma colaborativa y sobre todo de manera segura para nuestros estudiantes.<\/span><\/p>\t\t\t\t\t\t<\/div>\n\t\t\t\t<\/div>\n\t\t\t\t\t<\/div>\n\t\t<\/div>\n\t\t\t\t\t\t\t<\/div>\n\t\t<\/section>\n\t\t\t\t<section class=\"elementor-section elementor-top-section elementor-element elementor-element-a7a85e4 elementor-section-full_width elementor-section-height-default elementor-section-height-default\" data-id=\"a7a85e4\" data-element_type=\"section\" data-settings=\"{&quot;background_background&quot;:&quot;classic&quot;}\">\n\t\t\t\t\t\t<div class=\"elementor-container elementor-column-gap-default\">\n\t\t\t\t\t<div class=\"elementor-column elementor-col-25 elementor-top-column elementor-element elementor-element-2260811\" data-id=\"2260811\" data-element_type=\"column\">\n\t\t\t<div class=\"elementor-widget-wrap elementor-element-populated\">\n\t\t\t\t\t\t\t\t<div class=\"elementor-element elementor-element-bb0b057 elementor-widget elementor-widget-heading\" data-id=\"bb0b057\" data-element_type=\"widget\" data-widget_type=\"heading.default\">\n\t\t\t\t<div class=\"elementor-widget-container\">\n\t\t\t<h2 class=\"elementor-heading-title elementor-size-default\">\u00bfQUI\u00c9NES SOMOS?<\/h2>\t\t<\/div>\n\t\t\t\t<\/div>\n\t\t\t\t<div class=\"elementor-element elementor-element-b3cc9e2 elementor-widget elementor-widget-text-editor\" data-id=\"b3cc9e2\" data-element_type=\"widget\" data-widget_type=\"text-editor.default\">\n\t\t\t\t<div class=\"elementor-widget-container\">\n\t\t\t\t\t\t\t<p><span style=\"color: #ffffff;\">Somos un Instituto de Educaci\u00f3n Superior Tecnol\u00f3gico P\u00fablico que brinda formaci\u00f3n integral en la carrera profesional de industrias alimentarias a personas vulnerables con habilidades emprendedoras, ofreciendo una educaci\u00f3n de calidad y en valores.<\/span><\/p>\t\t\t\t\t\t<\/div>\n\t\t\t\t<\/div>\n\t\t\t\t\t<\/div>\n\t\t<\/div>\n\t\t\t\t<div class=\"elementor-column elementor-col-25 elementor-top-column elementor-element elementor-element-7417c1e\" data-id=\"7417c1e\" data-element_type=\"column\">\n\t\t\t<div class=\"elementor-widget-wrap elementor-element-populated\">\n\t\t\t\t\t\t\t\t<div class=\"elementor-element elementor-element-8cf07e6 elementor-widget elementor-widget-heading\" data-id=\"8cf07e6\" data-element_type=\"widget\" data-widget_type=\"heading.default\">\n\t\t\t\t<div class=\"elementor-widget-container\">\n\t\t\t<h2 class=\"elementor-heading-title elementor-size-default\">SEDE INSTITUCIONAL\n<\/h2>\t\t<\/div>\n\t\t\t\t<\/div>\n\t\t\t\t<div class=\"elementor-element elementor-element-531571c elementor-widget elementor-widget-text-editor\" data-id=\"531571c\" data-element_type=\"widget\" data-widget_type=\"text-editor.default\">\n\t\t\t\t<div class=\"elementor-widget-container\">\n\t\t\t\t\t\t\t<p><span style=\"color: #ffffff;\"><small id=\"h.ip168pdf5fx9\" class=\"CDt4Ke zfr3Q TMjjoe\" dir=\"ltr\">Av. Amazonas s\/n &#8211; Barrio Curaspampa &#8211; Los Morochucos<br \/>Provincia de Cangallo<br \/>Regi\u00f3n Ayacucho<\/small><small id=\"h.d35ng57fcno0\" class=\"CDt4Ke zfr3Q TMjjoe\" dir=\"ltr\"><br \/><\/small><small id=\"h.vb9n5ktwa99m\" class=\"CDt4Ke zfr3Q TMjjoe\" dir=\"ltr\">https:\/\/www.feyalegria60.edu.pe\/<br \/>informes@feyalegria60.edu.pe<\/small><\/span><\/p>\t\t\t\t\t\t<\/div>\n\t\t\t\t<\/div>\n\t\t\t\t\t<\/div>\n\t\t<\/div>\n\t\t\t\t<div class=\"elementor-column elementor-col-25 elementor-top-column elementor-element elementor-element-ef64697\" data-id=\"ef64697\" data-element_type=\"column\">\n\t\t\t<div class=\"elementor-widget-wrap elementor-element-populated\">\n\t\t\t\t\t\t\t\t<div class=\"elementor-element elementor-element-785a866 elementor-widget elementor-widget-heading\" data-id=\"785a866\" data-element_type=\"widget\" data-widget_type=\"heading.default\">\n\t\t\t\t<div class=\"elementor-widget-container\">\n\t\t\t<h2 class=\"elementor-heading-title elementor-size-default\">CONT\u00c1CTENOS\n<\/h2>\t\t<\/div>\n\t\t\t\t<\/div>\n\t\t\t\t<div class=\"elementor-element elementor-element-212395a elementor-widget elementor-widget-text-editor\" data-id=\"212395a\" data-element_type=\"widget\" data-widget_type=\"text-editor.default\">\n\t\t\t\t<div class=\"elementor-widget-container\">\n\t\t\t\t\t\t\t<p><span style=\"color: #ffffff;\"><small id=\"h.3ps99ls97a1t\" class=\"CDt4Ke zfr3Q TMjjoe\" dir=\"ltr\">Mag. Magdalita Vasquez Uriarte<\/small><small id=\"h.wrjqp7p56u1\" class=\"CDt4Ke zfr3Q TMjjoe\" dir=\"ltr\">Celular +51 983262489 &#8211; +51 951885806<\/small><small id=\"h.wl0i5tswsk28\" class=\"CDt4Ke zfr3Q TMjjoe\" dir=\"ltr\">DIRECTORA<\/small><small id=\"h.6950pxqpnovw\" class=\"CDt4Ke zfr3Q TMjjoe\" dir=\"ltr\"><br \/><\/small><small id=\"h.it3vr9uqqlo5\" class=\"CDt4Ke zfr3Q TMjjoe\" dir=\"ltr\">Ing. Donata Mart\u00ednez C\u00e1ceres<\/small><small id=\"h.ayk4pzk0ij71\" class=\"CDt4Ke zfr3Q TMjjoe\" dir=\"ltr\">Celular +51 997050242<\/small><small id=\"h.yufu8mxcr9r5\" class=\"CDt4Ke zfr3Q TMjjoe\" dir=\"ltr\">JEFE DE UNIDAD ACAD\u00c9MICA<\/small><\/span><\/p>\t\t\t\t\t\t<\/div>\n\t\t\t\t<\/div>\n\t\t\t\t\t<\/div>\n\t\t<\/div>\n\t\t\t\t<div class=\"elementor-column elementor-col-25 elementor-top-column elementor-element elementor-element-8f8c322\" data-id=\"8f8c322\" data-element_type=\"column\">\n\t\t\t<div class=\"elementor-widget-wrap elementor-element-populated\">\n\t\t\t\t\t\t\t\t<div class=\"elementor-element elementor-element-4d08aa7 elementor-widget elementor-widget-image\" data-id=\"4d08aa7\" data-element_type=\"widget\" data-widget_type=\"image.default\">\n\t\t\t\t<div class=\"elementor-widget-container\">\n\t\t\t\t\t\t\t\t\t\t\t\t\t\t\t<img loading=\"lazy\" decoding=\"async\" width=\"148\" height=\"172\" src=\"https:\/\/feyalegria02.edu.pe\/wp-content\/uploads\/2022\/01\/geg.png\" class=\"attachment-large size-large\" alt=\"\" \/>\t\t\t\t\t\t\t\t\t\t\t\t\t\t\t<\/div>\n\t\t\t\t<\/div>\n\t\t\t\t\t<\/div>\n\t\t<\/div>\n\t\t\t\t\t\t\t<\/div>\n\t\t<\/section>\n\t\t\t\t\t\t<\/div>\n\t\t\t\t\t<\/div>\n\t\t","protected":false},"excerpt":{"rendered":"<p>NOSOTROS \u00bfNUESTRA HISTORIA? El Instituto de Educaci\u00f3n Superior Tecnol\u00f3gico P\u00fablico \u201cLos Morochucos\u201d fue creado gracias a la solicitud del alcalde el se\u00f1or Sergio Dipaz Cisneros, en el a\u00f1o 2008, instituida con la Resoluci\u00f3n Suprema N\u00ba 027 \u2013 2011 &#8211; ED de fecha 25 de junio del 2011, en convenio con la Asociaci\u00f3n Fe y Alegr\u00eda &hellip;<\/p>\n<p class=\"read-more\"> <a class=\"\" href=\"https:\/\/feyalegria02.edu.pe\/index.php\/nosotros\/\"> <span class=\"screen-reader-text\">Nosotros<\/span> Read More &raquo;<\/a><\/p>\n","protected":false},"author":1,"featured_media":0,"parent":0,"menu_order":0,"comment_status":"closed","ping_status":"closed","template":"","meta":{"site-sidebar-layout":"no-sidebar","site-content-layout":"page-builder","ast-main-header-display":"","ast-hfb-above-header-display":"","ast-hfb-below-header-display":"","ast-hfb-mobile-header-display":"","site-post-title":"disabled","ast-breadcrumbs-content":"","ast-featured-img":"disabled","footer-sml-layout":"","theme-transparent-header-meta":"","adv-header-id-meta":"","stick-header-meta":"","header-above-stick-meta":"","header-main-stick-meta":"","header-below-stick-meta":"","footnotes":""},"class_list":["post-83","page","type-page","status-publish","hentry"],"_links":{"self":[{"href":"https:\/\/feyalegria02.edu.pe\/index.php\/wp-json\/wp\/v2\/pages\/83","targetHints":{"allow":["GET"]}}],"collection":[{"href":"https:\/\/feyalegria02.edu.pe\/index.php\/wp-json\/wp\/v2\/pages"}],"about":[{"href":"https:\/\/feyalegria02.edu.pe\/index.php\/wp-json\/wp\/v2\/types\/page"}],"author":[{"embeddable":true,"href":"https:\/\/feyalegria02.edu.pe\/index.php\/wp-json\/wp\/v2\/users\/1"}],"replies":[{"embeddable":true,"href":"https:\/\/feyalegria02.edu.pe\/index.php\/wp-json\/wp\/v2\/comments?post=83"}],"version-history":[{"count":4,"href":"https:\/\/feyalegria02.edu.pe\/index.php\/wp-json\/wp\/v2\/pages\/83\/revisions"}],"predecessor-version":[{"id":89,"href":"https:\/\/feyalegria02.edu.pe\/index.php\/wp-json\/wp\/v2\/pages\/83\/revisions\/89"}],"wp:attachment":[{"href":"https:\/\/feyalegria02.edu.pe\/index.php\/wp-json\/wp\/v2\/media?parent=83"}],"curies":[{"name":"wp","href":"https:\/\/api.w.org\/{rel}","templated":true}]}}