{"id":95,"date":"2022-01-24T17:39:16","date_gmt":"2022-01-24T17:39:16","guid":{"rendered":"https:\/\/feyalegria02.edu.pe\/?page_id=95"},"modified":"2022-01-24T17:52:55","modified_gmt":"2022-01-24T17:52:55","slug":"directivos","status":"publish","type":"page","link":"https:\/\/feyalegria02.edu.pe\/index.php\/directivos\/","title":{"rendered":"Directivos"},"content":{"rendered":"\t\t<div data-elementor-type=\"wp-page\" data-elementor-id=\"95\" class=\"elementor elementor-95\" data-elementor-settings=\"[]\">\n\t\t\t\t\t\t\t<div class=\"elementor-section-wrap\">\n\t\t\t\t\t\t\t<section class=\"elementor-section elementor-top-section elementor-element elementor-element-25bd84ac elementor-section-content-middle elementor-section-boxed elementor-section-height-default elementor-section-height-default\" data-id=\"25bd84ac\" data-element_type=\"section\" data-settings=\"{&quot;background_background&quot;:&quot;classic&quot;}\">\n\t\t\t\t\t\t<div class=\"elementor-container elementor-column-gap-no\">\n\t\t\t\t\t<div class=\"elementor-column elementor-col-100 elementor-top-column elementor-element elementor-element-48bedab\" data-id=\"48bedab\" data-element_type=\"column\">\n\t\t\t<div class=\"elementor-widget-wrap elementor-element-populated\">\n\t\t\t\t\t\t\t\t<div class=\"elementor-element elementor-element-6e05f76e elementor-absolute elementor-widget elementor-widget-heading\" data-id=\"6e05f76e\" data-element_type=\"widget\" data-settings=\"{&quot;_position&quot;:&quot;absolute&quot;}\" data-widget_type=\"heading.default\">\n\t\t\t\t<div class=\"elementor-widget-container\">\n\t\t\t<style>\/*! elementor - v3.5.3 - 28-12-2021 *\/\n.elementor-heading-title{padding:0;margin:0;line-height:1}.elementor-widget-heading .elementor-heading-title[class*=elementor-size-]>a{color:inherit;font-size:inherit;line-height:inherit}.elementor-widget-heading .elementor-heading-title.elementor-size-small{font-size:15px}.elementor-widget-heading .elementor-heading-title.elementor-size-medium{font-size:19px}.elementor-widget-heading .elementor-heading-title.elementor-size-large{font-size:29px}.elementor-widget-heading .elementor-heading-title.elementor-size-xl{font-size:39px}.elementor-widget-heading .elementor-heading-title.elementor-size-xxl{font-size:59px}<\/style><h2 class=\"elementor-heading-title elementor-size-default\">DIRECTIVOS<\/h2>\t\t<\/div>\n\t\t\t\t<\/div>\n\t\t\t\t\t<\/div>\n\t\t<\/div>\n\t\t\t\t\t\t\t<\/div>\n\t\t<\/section>\n\t\t\t\t<section class=\"elementor-section elementor-top-section elementor-element elementor-element-fdd6ea9 elementor-section-boxed elementor-section-height-default elementor-section-height-default\" data-id=\"fdd6ea9\" data-element_type=\"section\">\n\t\t\t\t\t\t<div class=\"elementor-container elementor-column-gap-default\">\n\t\t\t\t\t<div class=\"elementor-column elementor-col-100 elementor-top-column elementor-element elementor-element-7c85f68\" data-id=\"7c85f68\" data-element_type=\"column\">\n\t\t\t<div class=\"elementor-widget-wrap elementor-element-populated\">\n\t\t\t\t\t\t\t\t<div class=\"elementor-element elementor-element-609a4cd elementor-widget elementor-widget-spacer\" data-id=\"609a4cd\" data-element_type=\"widget\" data-widget_type=\"spacer.default\">\n\t\t\t\t<div class=\"elementor-widget-container\">\n\t\t\t\t\t<div class=\"elementor-spacer\">\n\t\t\t<div class=\"elementor-spacer-inner\"><\/div>\n\t\t<\/div>\n\t\t\t\t<\/div>\n\t\t\t\t<\/div>\n\t\t\t\t<div class=\"elementor-element elementor-element-c0f8cfe elementor-widget elementor-widget-heading\" data-id=\"c0f8cfe\" data-element_type=\"widget\" data-widget_type=\"heading.default\">\n\t\t\t\t<div class=\"elementor-widget-container\">\n\t\t\t<h2 class=\"elementor-heading-title elementor-size-xxl\">DIRECTORA<\/h2>\t\t<\/div>\n\t\t\t\t<\/div>\n\t\t\t\t\t<\/div>\n\t\t<\/div>\n\t\t\t\t\t\t\t<\/div>\n\t\t<\/section>\n\t\t\t\t<section class=\"elementor-section elementor-top-section elementor-element elementor-element-521ce3ab elementor-section-content-middle elementor-section-boxed elementor-section-height-default elementor-section-height-default\" data-id=\"521ce3ab\" data-element_type=\"section\" data-settings=\"{&quot;background_background&quot;:&quot;classic&quot;}\">\n\t\t\t\t\t\t<div class=\"elementor-container elementor-column-gap-no\">\n\t\t\t\t\t<div class=\"elementor-column elementor-col-50 elementor-top-column elementor-element elementor-element-d6e3f13\" data-id=\"d6e3f13\" data-element_type=\"column\">\n\t\t\t<div class=\"elementor-widget-wrap elementor-element-populated\">\n\t\t\t\t\t\t\t\t<div class=\"elementor-element elementor-element-21df1749 elementor-widget__width-inherit elementor-absolute elementor-widget elementor-widget-image\" data-id=\"21df1749\" data-element_type=\"widget\" data-settings=\"{&quot;_position&quot;:&quot;absolute&quot;}\" data-widget_type=\"image.default\">\n\t\t\t\t<div class=\"elementor-widget-container\">\n\t\t\t<style>\/*! elementor - v3.5.3 - 28-12-2021 *\/\n.elementor-widget-image{text-align:center}.elementor-widget-image a{display:inline-block}.elementor-widget-image a img[src$=\".svg\"]{width:48px}.elementor-widget-image img{vertical-align:middle;display:inline-block}<\/style>\t\t\t\t\t\t\t\t\t\t\t\t<img loading=\"lazy\" decoding=\"async\" width=\"962\" height=\"1443\" src=\"https:\/\/feyalegria02.edu.pe\/wp-content\/uploads\/2022\/01\/DIRECTORA60.jpg\" class=\"attachment-full size-full\" alt=\"\" srcset=\"https:\/\/feyalegria02.edu.pe\/wp-content\/uploads\/2022\/01\/DIRECTORA60.jpg 962w, https:\/\/feyalegria02.edu.pe\/wp-content\/uploads\/2022\/01\/DIRECTORA60-200x300.jpg 200w, https:\/\/feyalegria02.edu.pe\/wp-content\/uploads\/2022\/01\/DIRECTORA60-683x1024.jpg 683w, https:\/\/feyalegria02.edu.pe\/wp-content\/uploads\/2022\/01\/DIRECTORA60-768x1152.jpg 768w\" sizes=\"auto, (max-width: 962px) 100vw, 962px\" \/>\t\t\t\t\t\t\t\t\t\t\t\t\t\t\t<\/div>\n\t\t\t\t<\/div>\n\t\t\t\t\t<\/div>\n\t\t<\/div>\n\t\t\t\t<div class=\"elementor-column elementor-col-50 elementor-top-column elementor-element elementor-element-ae073b6\" data-id=\"ae073b6\" data-element_type=\"column\">\n\t\t\t<div class=\"elementor-widget-wrap elementor-element-populated\">\n\t\t\t\t\t\t\t\t<div class=\"elementor-element elementor-element-520359df elementor-widget elementor-widget-text-editor\" data-id=\"520359df\" data-element_type=\"widget\" data-widget_type=\"text-editor.default\">\n\t\t\t\t<div class=\"elementor-widget-container\">\n\t\t\t<style>\/*! elementor - v3.5.3 - 28-12-2021 *\/\n.elementor-widget-text-editor.elementor-drop-cap-view-stacked .elementor-drop-cap{background-color:#818a91;color:#fff}.elementor-widget-text-editor.elementor-drop-cap-view-framed .elementor-drop-cap{color:#818a91;border:3px solid;background-color:transparent}.elementor-widget-text-editor:not(.elementor-drop-cap-view-default) .elementor-drop-cap{margin-top:8px}.elementor-widget-text-editor:not(.elementor-drop-cap-view-default) .elementor-drop-cap-letter{width:1em;height:1em}.elementor-widget-text-editor .elementor-drop-cap{float:left;text-align:center;line-height:1;font-size:50px}.elementor-widget-text-editor .elementor-drop-cap-letter{display:inline-block}<\/style>\t\t\t\t<p class=\"CDt4Ke zfr3Q\" dir=\"ltr\"><strong>Mag. Magdalita Vasquez Uriarte<\/strong><\/p><p class=\"CDt4Ke zfr3Q\" dir=\"ltr\">Correo:\u00a0<span class=\" aw5Odc\"><a class=\"XqQF9c\" href=\"mailto:xxxxxxxx@feyalegria00.edu.pe\" target=\"_blank\" rel=\"noopener\">xxxxxxxx@feyalegria60.edu.pe<\/a><\/span><br \/>Celular: +51 983262489<br \/><br \/>Lorem ipsum dolor sit amet, consectetur adipiscing elit. Cras sagittis auctor metus suscipit accumsan. Quisque in orci sed felis bibendum sollicitudin. Cras non quam pretium, pharetra sem ut, faucibus nisl. Integer tincidunt ligula sit amet nunc semper tristique. Phasellus suscipit felis at leo pulvinar imperdiet. Nullam ullamcorper justo at pharetra hendrerit. Sed imperdiet et magna vel mattis.<br \/><br \/>Nulla maximus sollicitudin iaculis. Nullam interdum rhoncus tortor, eget interdum massa molestie non. Nam placerat efficitur nulla blandit mattis. Morbi vitae nisl leo. Nunc ut ligula id diam tincidunt aliquet in quis ligula. Fusce et mi in odio tincidunt vulputate.<\/p>\t\t\t\t\t\t<\/div>\n\t\t\t\t<\/div>\n\t\t\t\t\t<\/div>\n\t\t<\/div>\n\t\t\t\t\t\t\t<\/div>\n\t\t<\/section>\n\t\t\t\t<section class=\"elementor-section elementor-top-section elementor-element elementor-element-ac4f984 elementor-section-boxed elementor-section-height-default elementor-section-height-default\" data-id=\"ac4f984\" data-element_type=\"section\">\n\t\t\t\t\t\t<div class=\"elementor-container elementor-column-gap-default\">\n\t\t\t\t\t<div class=\"elementor-column elementor-col-100 elementor-top-column elementor-element elementor-element-4a79164\" data-id=\"4a79164\" data-element_type=\"column\">\n\t\t\t<div class=\"elementor-widget-wrap elementor-element-populated\">\n\t\t\t\t\t\t\t\t<div class=\"elementor-element elementor-element-21df1b0 elementor-widget elementor-widget-spacer\" data-id=\"21df1b0\" data-element_type=\"widget\" data-widget_type=\"spacer.default\">\n\t\t\t\t<div class=\"elementor-widget-container\">\n\t\t\t\t\t<div class=\"elementor-spacer\">\n\t\t\t<div class=\"elementor-spacer-inner\"><\/div>\n\t\t<\/div>\n\t\t\t\t<\/div>\n\t\t\t\t<\/div>\n\t\t\t\t<div class=\"elementor-element elementor-element-4e18bea elementor-widget elementor-widget-heading\" data-id=\"4e18bea\" data-element_type=\"widget\" data-widget_type=\"heading.default\">\n\t\t\t\t<div class=\"elementor-widget-container\">\n\t\t\t<h2 class=\"elementor-heading-title elementor-size-xxl\">JEFE DE UNIDAD ACADEMICA<\/h2>\t\t<\/div>\n\t\t\t\t<\/div>\n\t\t\t\t\t<\/div>\n\t\t<\/div>\n\t\t\t\t\t\t\t<\/div>\n\t\t<\/section>\n\t\t\t\t<section class=\"elementor-section elementor-top-section elementor-element elementor-element-c7a79b7 elementor-section-content-middle elementor-section-boxed elementor-section-height-default elementor-section-height-default\" data-id=\"c7a79b7\" data-element_type=\"section\" data-settings=\"{&quot;background_background&quot;:&quot;classic&quot;}\">\n\t\t\t\t\t\t<div class=\"elementor-container elementor-column-gap-no\">\n\t\t\t\t\t<div class=\"elementor-column elementor-col-50 elementor-top-column elementor-element elementor-element-f5d456a\" data-id=\"f5d456a\" data-element_type=\"column\">\n\t\t\t<div class=\"elementor-widget-wrap elementor-element-populated\">\n\t\t\t\t\t\t\t\t<div class=\"elementor-element elementor-element-b58cd50 elementor-widget__width-inherit elementor-absolute elementor-widget elementor-widget-image\" data-id=\"b58cd50\" data-element_type=\"widget\" data-settings=\"{&quot;_position&quot;:&quot;absolute&quot;}\" data-widget_type=\"image.default\">\n\t\t\t\t<div class=\"elementor-widget-container\">\n\t\t\t\t\t\t\t\t\t\t\t\t\t\t\t<img decoding=\"async\" src=\"https:\/\/feyalegria02.edu.pe\/wp-content\/uploads\/2022\/01\/JEFE-UNIDAD-TECNICA.jpg\" title=\"JEFE UNIDAD TECNICA\" alt=\"JEFE UNIDAD TECNICA\" \/>\t\t\t\t\t\t\t\t\t\t\t\t\t\t\t<\/div>\n\t\t\t\t<\/div>\n\t\t\t\t\t<\/div>\n\t\t<\/div>\n\t\t\t\t<div class=\"elementor-column elementor-col-50 elementor-top-column elementor-element elementor-element-d765512\" data-id=\"d765512\" data-element_type=\"column\">\n\t\t\t<div class=\"elementor-widget-wrap elementor-element-populated\">\n\t\t\t\t\t\t\t\t<div class=\"elementor-element elementor-element-489851c elementor-widget elementor-widget-text-editor\" data-id=\"489851c\" data-element_type=\"widget\" data-widget_type=\"text-editor.default\">\n\t\t\t\t<div class=\"elementor-widget-container\">\n\t\t\t\t\t\t\t<p class=\"CDt4Ke zfr3Q\" dir=\"ltr\"><strong>Ing. Donata Mart\u00ednez C\u00e1ceres<\/strong><\/p><p class=\"CDt4Ke zfr3Q\" dir=\"ltr\">Correo:\u00a0<span class=\" aw5Odc\"><a class=\"XqQF9c\" href=\"mailto:xxxxxxxx@feyalegria00.edu.pe\" target=\"_blank\" rel=\"noopener\">xxxxxxxx@feyalegria60.edu.pe<\/a><\/span><br \/>Celular: +51 997050242<br \/><br \/>Lorem ipsum dolor sit amet, consectetur adipiscing elit. Cras sagittis auctor metus suscipit accumsan. Quisque in orci sed felis bibendum sollicitudin. Cras non quam pretium, pharetra sem ut, faucibus nisl. Integer tincidunt ligula sit amet nunc semper tristique. Phasellus suscipit felis at leo pulvinar imperdiet. Nullam ullamcorper justo at pharetra hendrerit. Sed imperdiet et magna vel mattis.<\/p>\t\t\t\t\t\t<\/div>\n\t\t\t\t<\/div>\n\t\t\t\t\t<\/div>\n\t\t<\/div>\n\t\t\t\t\t\t\t<\/div>\n\t\t<\/section>\n\t\t\t\t<section class=\"elementor-section elementor-top-section elementor-element elementor-element-f29b625 elementor-section-boxed elementor-section-height-default elementor-section-height-default\" data-id=\"f29b625\" data-element_type=\"section\">\n\t\t\t\t\t\t\t<div class=\"elementor-background-overlay\"><\/div>\n\t\t\t\t\t\t\t<div class=\"elementor-container elementor-column-gap-default\">\n\t\t\t\t\t<div class=\"elementor-column elementor-col-50 elementor-top-column elementor-element elementor-element-384f785\" data-id=\"384f785\" data-element_type=\"column\">\n\t\t\t<div class=\"elementor-widget-wrap elementor-element-populated\">\n\t\t\t\t\t\t\t\t<div class=\"elementor-element elementor-element-182898e elementor-widget elementor-widget-image\" data-id=\"182898e\" data-element_type=\"widget\" data-widget_type=\"image.default\">\n\t\t\t\t<div class=\"elementor-widget-container\">\n\t\t\t\t\t\t\t\t\t\t\t\t\t\t\t<img loading=\"lazy\" decoding=\"async\" width=\"150\" height=\"150\" src=\"https:\/\/feyalegria02.edu.pe\/wp-content\/uploads\/2022\/01\/google-logo-150x150.png\" class=\"attachment-thumbnail size-thumbnail\" alt=\"\" srcset=\"https:\/\/feyalegria02.edu.pe\/wp-content\/uploads\/2022\/01\/google-logo-150x150.png 150w, https:\/\/feyalegria02.edu.pe\/wp-content\/uploads\/2022\/01\/google-logo-300x300.png 300w, https:\/\/feyalegria02.edu.pe\/wp-content\/uploads\/2022\/01\/google-logo.png 1024w, https:\/\/feyalegria02.edu.pe\/wp-content\/uploads\/2022\/01\/google-logo-768x768.png 768w\" sizes=\"auto, (max-width: 150px) 100vw, 150px\" \/>\t\t\t\t\t\t\t\t\t\t\t\t\t\t\t<\/div>\n\t\t\t\t<\/div>\n\t\t\t\t\t<\/div>\n\t\t<\/div>\n\t\t\t\t<div class=\"elementor-column elementor-col-50 elementor-top-column elementor-element elementor-element-fe5e046\" data-id=\"fe5e046\" data-element_type=\"column\">\n\t\t\t<div class=\"elementor-widget-wrap elementor-element-populated\">\n\t\t\t\t\t\t\t\t<div class=\"elementor-element elementor-element-b34906c elementor-widget elementor-widget-heading\" data-id=\"b34906c\" data-element_type=\"widget\" data-widget_type=\"heading.default\">\n\t\t\t\t<div class=\"elementor-widget-container\">\n\t\t\t<h2 class=\"elementor-heading-title elementor-size-default\">G Suite for Education:<\/h2>\t\t<\/div>\n\t\t\t\t<\/div>\n\t\t\t\t<div class=\"elementor-element elementor-element-161b71f elementor-widget elementor-widget-text-editor\" data-id=\"161b71f\" data-element_type=\"widget\" data-widget_type=\"text-editor.default\">\n\t\t\t\t<div class=\"elementor-widget-container\">\n\t\t\t\t\t\t\t<p><span style=\"color: #333333;\">Nuestra Instituci\u00f3n Educativa, ahora cuenta con la plataforma de herramientas de Google para Educaci\u00f3n; logro, que permitir\u00e1 transformar la manera como nuestra comunidad educativa viene trabajando, permiti\u00e9ndonos aprender, innovar, y trabajar de forma colaborativa y sobre todo de manera segura para nuestros estudiantes.<\/span><\/p>\t\t\t\t\t\t<\/div>\n\t\t\t\t<\/div>\n\t\t\t\t\t<\/div>\n\t\t<\/div>\n\t\t\t\t\t\t\t<\/div>\n\t\t<\/section>\n\t\t\t\t<section class=\"elementor-section elementor-top-section elementor-element elementor-element-a7a85e4 elementor-section-full_width elementor-section-height-default elementor-section-height-default\" data-id=\"a7a85e4\" data-element_type=\"section\" data-settings=\"{&quot;background_background&quot;:&quot;classic&quot;}\">\n\t\t\t\t\t\t<div class=\"elementor-container elementor-column-gap-default\">\n\t\t\t\t\t<div class=\"elementor-column elementor-col-25 elementor-top-column elementor-element elementor-element-2260811\" data-id=\"2260811\" data-element_type=\"column\">\n\t\t\t<div class=\"elementor-widget-wrap elementor-element-populated\">\n\t\t\t\t\t\t\t\t<div class=\"elementor-element elementor-element-bb0b057 elementor-widget elementor-widget-heading\" data-id=\"bb0b057\" data-element_type=\"widget\" data-widget_type=\"heading.default\">\n\t\t\t\t<div class=\"elementor-widget-container\">\n\t\t\t<h2 class=\"elementor-heading-title elementor-size-default\">\u00bfQUI\u00c9NES SOMOS?<\/h2>\t\t<\/div>\n\t\t\t\t<\/div>\n\t\t\t\t<div class=\"elementor-element elementor-element-b3cc9e2 elementor-widget elementor-widget-text-editor\" data-id=\"b3cc9e2\" data-element_type=\"widget\" data-widget_type=\"text-editor.default\">\n\t\t\t\t<div class=\"elementor-widget-container\">\n\t\t\t\t\t\t\t<p><span style=\"color: #ffffff;\">Somos un Instituto de Educaci\u00f3n Superior Tecnol\u00f3gico P\u00fablico que brinda formaci\u00f3n integral en la carrera profesional de industrias alimentarias a personas vulnerables con habilidades emprendedoras, ofreciendo una educaci\u00f3n de calidad y en valores.<\/span><\/p>\t\t\t\t\t\t<\/div>\n\t\t\t\t<\/div>\n\t\t\t\t\t<\/div>\n\t\t<\/div>\n\t\t\t\t<div class=\"elementor-column elementor-col-25 elementor-top-column elementor-element elementor-element-7417c1e\" data-id=\"7417c1e\" data-element_type=\"column\">\n\t\t\t<div class=\"elementor-widget-wrap elementor-element-populated\">\n\t\t\t\t\t\t\t\t<div class=\"elementor-element elementor-element-8cf07e6 elementor-widget elementor-widget-heading\" data-id=\"8cf07e6\" data-element_type=\"widget\" data-widget_type=\"heading.default\">\n\t\t\t\t<div class=\"elementor-widget-container\">\n\t\t\t<h2 class=\"elementor-heading-title elementor-size-default\">SEDE INSTITUCIONAL\n<\/h2>\t\t<\/div>\n\t\t\t\t<\/div>\n\t\t\t\t<div class=\"elementor-element elementor-element-531571c elementor-widget elementor-widget-text-editor\" data-id=\"531571c\" data-element_type=\"widget\" data-widget_type=\"text-editor.default\">\n\t\t\t\t<div class=\"elementor-widget-container\">\n\t\t\t\t\t\t\t<p><span style=\"color: #ffffff;\"><small id=\"h.ip168pdf5fx9\" class=\"CDt4Ke zfr3Q TMjjoe\" dir=\"ltr\">Av. Amazonas s\/n &#8211; Barrio Curaspampa &#8211; Los Morochucos<br \/>Provincia de Cangallo<br \/>Regi\u00f3n Ayacucho<\/small><small id=\"h.d35ng57fcno0\" class=\"CDt4Ke zfr3Q TMjjoe\" dir=\"ltr\"><br \/><\/small><small id=\"h.vb9n5ktwa99m\" class=\"CDt4Ke zfr3Q TMjjoe\" dir=\"ltr\">https:\/\/www.feyalegria60.edu.pe\/<br \/>informes@feyalegria60.edu.pe<\/small><\/span><\/p>\t\t\t\t\t\t<\/div>\n\t\t\t\t<\/div>\n\t\t\t\t\t<\/div>\n\t\t<\/div>\n\t\t\t\t<div class=\"elementor-column elementor-col-25 elementor-top-column elementor-element elementor-element-ef64697\" data-id=\"ef64697\" data-element_type=\"column\">\n\t\t\t<div class=\"elementor-widget-wrap elementor-element-populated\">\n\t\t\t\t\t\t\t\t<div class=\"elementor-element elementor-element-785a866 elementor-widget elementor-widget-heading\" data-id=\"785a866\" data-element_type=\"widget\" data-widget_type=\"heading.default\">\n\t\t\t\t<div class=\"elementor-widget-container\">\n\t\t\t<h2 class=\"elementor-heading-title elementor-size-default\">CONT\u00c1CTENOS\n<\/h2>\t\t<\/div>\n\t\t\t\t<\/div>\n\t\t\t\t<div class=\"elementor-element elementor-element-212395a elementor-widget elementor-widget-text-editor\" data-id=\"212395a\" data-element_type=\"widget\" data-widget_type=\"text-editor.default\">\n\t\t\t\t<div class=\"elementor-widget-container\">\n\t\t\t\t\t\t\t<p><span style=\"color: #ffffff;\"><small id=\"h.3ps99ls97a1t\" class=\"CDt4Ke zfr3Q TMjjoe\" dir=\"ltr\">Mag. Magdalita Vasquez Uriarte<\/small><small id=\"h.wrjqp7p56u1\" class=\"CDt4Ke zfr3Q TMjjoe\" dir=\"ltr\">Celular +51 983262489 &#8211; +51 951885806<\/small><small id=\"h.wl0i5tswsk28\" class=\"CDt4Ke zfr3Q TMjjoe\" dir=\"ltr\">DIRECTORA<\/small><small id=\"h.6950pxqpnovw\" class=\"CDt4Ke zfr3Q TMjjoe\" dir=\"ltr\"><br \/><\/small><small id=\"h.it3vr9uqqlo5\" class=\"CDt4Ke zfr3Q TMjjoe\" dir=\"ltr\">Ing. Donata Mart\u00ednez C\u00e1ceres<\/small><small id=\"h.ayk4pzk0ij71\" class=\"CDt4Ke zfr3Q TMjjoe\" dir=\"ltr\">Celular +51 997050242<\/small><small id=\"h.yufu8mxcr9r5\" class=\"CDt4Ke zfr3Q TMjjoe\" dir=\"ltr\">JEFE DE UNIDAD ACAD\u00c9MICA<\/small><\/span><\/p>\t\t\t\t\t\t<\/div>\n\t\t\t\t<\/div>\n\t\t\t\t\t<\/div>\n\t\t<\/div>\n\t\t\t\t<div class=\"elementor-column elementor-col-25 elementor-top-column elementor-element elementor-element-8f8c322\" data-id=\"8f8c322\" data-element_type=\"column\">\n\t\t\t<div class=\"elementor-widget-wrap elementor-element-populated\">\n\t\t\t\t\t\t\t\t<div class=\"elementor-element elementor-element-4d08aa7 elementor-widget elementor-widget-image\" data-id=\"4d08aa7\" data-element_type=\"widget\" data-widget_type=\"image.default\">\n\t\t\t\t<div class=\"elementor-widget-container\">\n\t\t\t\t\t\t\t\t\t\t\t\t\t\t\t<img loading=\"lazy\" decoding=\"async\" width=\"148\" height=\"172\" src=\"https:\/\/feyalegria02.edu.pe\/wp-content\/uploads\/2022\/01\/geg.png\" class=\"attachment-large size-large\" alt=\"\" \/>\t\t\t\t\t\t\t\t\t\t\t\t\t\t\t<\/div>\n\t\t\t\t<\/div>\n\t\t\t\t\t<\/div>\n\t\t<\/div>\n\t\t\t\t\t\t\t<\/div>\n\t\t<\/section>\n\t\t\t\t\t\t<\/div>\n\t\t\t\t\t<\/div>\n\t\t","protected":false},"excerpt":{"rendered":"<p>DIRECTIVOS DIRECTORA Mag. Magdalita Vasquez Uriarte Correo:\u00a0xxxxxxxx@feyalegria60.edu.peCelular: +51 983262489 Lorem ipsum dolor sit amet, consectetur adipiscing elit. Cras sagittis auctor metus suscipit accumsan. Quisque in orci sed felis bibendum sollicitudin. Cras non quam pretium, pharetra sem ut, faucibus nisl. Integer tincidunt ligula sit amet nunc semper tristique. Phasellus suscipit felis at leo pulvinar imperdiet. Nullam &hellip;<\/p>\n<p class=\"read-more\"> <a class=\"\" href=\"https:\/\/feyalegria02.edu.pe\/index.php\/directivos\/\"> <span class=\"screen-reader-text\">Directivos<\/span> Read More &raquo;<\/a><\/p>\n","protected":false},"author":1,"featured_media":0,"parent":0,"menu_order":0,"comment_status":"closed","ping_status":"closed","template":"","meta":{"site-sidebar-layout":"no-sidebar","site-content-layout":"page-builder","ast-main-header-display":"","ast-hfb-above-header-display":"","ast-hfb-below-header-display":"","ast-hfb-mobile-header-display":"","site-post-title":"disabled","ast-breadcrumbs-content":"","ast-featured-img":"disabled","footer-sml-layout":"","theme-transparent-header-meta":"","adv-header-id-meta":"","stick-header-meta":"","header-above-stick-meta":"","header-main-stick-meta":"","header-below-stick-meta":"","footnotes":""},"class_list":["post-95","page","type-page","status-publish","hentry"],"_links":{"self":[{"href":"https:\/\/feyalegria02.edu.pe\/index.php\/wp-json\/wp\/v2\/pages\/95","targetHints":{"allow":["GET"]}}],"collection":[{"href":"https:\/\/feyalegria02.edu.pe\/index.php\/wp-json\/wp\/v2\/pages"}],"about":[{"href":"https:\/\/feyalegria02.edu.pe\/index.php\/wp-json\/wp\/v2\/types\/page"}],"author":[{"embeddable":true,"href":"https:\/\/feyalegria02.edu.pe\/index.php\/wp-json\/wp\/v2\/users\/1"}],"replies":[{"embeddable":true,"href":"https:\/\/feyalegria02.edu.pe\/index.php\/wp-json\/wp\/v2\/comments?post=95"}],"version-history":[{"count":4,"href":"https:\/\/feyalegria02.edu.pe\/index.php\/wp-json\/wp\/v2\/pages\/95\/revisions"}],"predecessor-version":[{"id":102,"href":"https:\/\/feyalegria02.edu.pe\/index.php\/wp-json\/wp\/v2\/pages\/95\/revisions\/102"}],"wp:attachment":[{"href":"https:\/\/feyalegria02.edu.pe\/index.php\/wp-json\/wp\/v2\/media?parent=95"}],"curies":[{"name":"wp","href":"https:\/\/api.w.org\/{rel}","templated":true}]}}